{"id":267,"date":"2022-07-20T15:20:02","date_gmt":"2022-07-20T13:20:02","guid":{"rendered":"https:\/\/offer2order.com\/imprint\/"},"modified":"2022-07-28T19:58:09","modified_gmt":"2022-07-28T17:58:09","slug":"impressum","status":"publish","type":"page","link":"https:\/\/offer2order.com\/de\/impressum\/","title":{"rendered":"Impressum"},"content":{"rendered":"<h1>Impressum<\/h1>\n<p>&nbsp;<\/p>\n<p>Offer2Order \/ WiCAM GmbH Technische Software<br \/>\nReetzstrasse 46c<br \/>\nD-76327 Pfinztal-S\u00f6llingen<\/p>\n<p>Gesch\u00e4ftsf\u00fchrer: Timo Eigenblut<br \/>\nTelefon: +49 7240-9259-0<br \/>\nFax: +49 7240-9259-11<br \/>\neMail: info@wicam.com<\/p>\n<p>Sitz der Gesellschaft: Karlsruhe<br \/>\nRegistergericht: Amtsgericht Mannheim HRB 9488<\/p>\n<p>UST-IdNr.: DE215999426<br \/>\nSteuer-Nr.: 34418\/81782<\/p>\n<p>Inhalt:<\/p>\n<p>Der Inhalt dieser Seiten wurde mit gr\u00f6\u00dftm\u00f6glicher Sorgfalt zusammengestellt. Die WiCAM GmbH kann jedoch keine Gew\u00e4hr f\u00fcr die Fehlerfreiheit und Genauigkeit der bereitgestellten Informationen \u00fcbernehmen. Die WiCAM GmbH schlie\u00dft jegliche Haftung f\u00fcr Sch\u00e4den, die direkt oder indirekt aus der Benutzung dieser Website entstehen, aus, sofern seitens der WiCAM GmbH kein nachweislich vors\u00e4tzliches oder grob fahrl\u00e4ssiges Verschulden vorliegt.<\/p>\n<p>Links:<\/p>\n<p>Sofern die WiCAM GmbH mit Links direkt oder indirekt auf fremde Internetseiten verweist, kann sie f\u00fcr den Inhalt dieser Websites keine Haftung \u00fcbernehmen. Die WiCAM GmbH erkl\u00e4rt hiermit, dass zum Zeitpunkt der Linksetzung die verlinkten Seiten keine illegalen Inhalte enthalten haben. Die WiCAM GmbH hat keinen Einfluss auf die aktuelle und zuk\u00fcnftige Gestaltung der verlinkten Seiten. Inhaltlichen \u00c4nderungen, die nach der Linksetzung auf den verlinkten Seiten vorgenommen werden, unterliegen nicht dem Einflussbereich der WiCAM GmbH. Die WiCAM GmbH haftet nicht f\u00fcr illegale, fehlerhafte oder unvollst\u00e4ndige Inhalte und insbesondere f\u00fcr Sch\u00e4den, die durch Nutzung oder Nichtnutzung der auf den verlinkten Seiten angebotenen Informationen entstehen.<\/p>\n<p>Urheberrecht:<\/p>\n<p>Alle Texte, Bilder, Grafiken und sonstige in dieser Website enthaltenen Dateien unterliegen dem Urheberrecht und anderen Gesetzen zum Schutz des geistigen Eigentums. Sie d\u00fcrfen im Rahmen der angebotenen Verwendung genutzt werden, jedoch weder f\u00fcr Handelszwecke oder zur Weitergabe kopiert oder ver\u00e4ndert und auf anderen Websites verwendet werden. Durch diese Website wird keine Lizenz zur Nutzung des geistigen Eigentums von der WiCAM GmbH oder Dritten erteilt. Alle innerhalb des Internetangebots genannten und gegebenenfalls durch Dritte gesch\u00fctzten Marken- und Warenzeichen unterliegen uneingeschr\u00e4nkt den Bestimmungen des jeweils g\u00fcltigen Kennzeichenrechts und den Besitzrechten der jeweiligen eingetragenen Eigent\u00fcmer. Allein aufgrund der blo\u00dfen Nennung ist nicht der Schluss zu ziehen, dass Markenzeichen nicht durch Rechte Dritter gesch\u00fctzt sind.<\/p>\n<p>Copyright by WiCAM GmbH<br \/>\nAlle Rechte vorbehalten<\/p>\n","protected":false},"excerpt":{"rendered":"<p>Impressum &nbsp; Offer2Order \/ WiCAM GmbH Technische Software Reetzstrasse 46c D-76327 Pfinztal-S\u00f6llingen Gesch\u00e4ftsf\u00fchrer: Timo Eigenblut Telefon: +49 7240-9259-0 Fax: +49 7240-9259-11 eMail: info@wicam.com Sitz der Gesellschaft: Karlsruhe Registergericht: Amtsgericht Mannheim HRB 9488 UST-IdNr.: DE215999426 Steuer-Nr.: 34418\/81782 Inhalt: Der Inhalt dieser Seiten wurde mit gr\u00f6\u00dftm\u00f6glicher Sorgfalt zusammengestellt. Die WiCAM GmbH kann jedoch keine Gew\u00e4hr f\u00fcr die [&hellip;]<\/p>\n","protected":false},"author":3,"featured_media":0,"parent":0,"menu_order":0,"comment_status":"closed","ping_status":"closed","template":"templates\/subpage.php","meta":{"footnotes":""},"class_list":["post-267","page","type-page","status-publish","hentry"],"acf":[],"yoast_head":"<!-- This site is optimized with the Yoast SEO plugin v19.9 - https:\/\/yoast.com\/wordpress\/plugins\/seo\/ -->\n<title>Impressum - Offer2Order | Webshopl\u00f6sung \u2022 Kalkulation f\u00fcr die Blechindustrie<\/title>\n<meta name=\"robots\" content=\"index, follow, max-snippet:-1, max-image-preview:large, max-video-preview:-1\" \/>\n<link rel=\"canonical\" href=\"https:\/\/offer2order.com\/de\/impressum\/\" \/>\n<meta property=\"og:locale\" content=\"de_DE\" \/>\n<meta property=\"og:type\" content=\"article\" \/>\n<meta property=\"og:title\" content=\"Impressum - Offer2Order | Webshopl\u00f6sung \u2022 Kalkulation f\u00fcr die Blechindustrie\" \/>\n<meta property=\"og:description\" content=\"Impressum &nbsp; Offer2Order \/ WiCAM GmbH Technische Software Reetzstrasse 46c D-76327 Pfinztal-S\u00f6llingen Gesch\u00e4ftsf\u00fchrer: Timo Eigenblut Telefon: +49 7240-9259-0 Fax: +49 7240-9259-11 eMail: info@wicam.com Sitz der Gesellschaft: Karlsruhe Registergericht: Amtsgericht Mannheim HRB 9488 UST-IdNr.: DE215999426 Steuer-Nr.: 34418\/81782 Inhalt: Der Inhalt dieser Seiten wurde mit gr\u00f6\u00dftm\u00f6glicher Sorgfalt zusammengestellt. Die WiCAM GmbH kann jedoch keine Gew\u00e4hr f\u00fcr die [&hellip;]\" \/>\n<meta property=\"og:url\" content=\"https:\/\/offer2order.com\/de\/impressum\/\" \/>\n<meta property=\"og:site_name\" content=\"Offer2Order\" \/>\n<meta property=\"article:modified_time\" content=\"2022-07-28T17:58:09+00:00\" \/>\n<meta name=\"twitter:card\" content=\"summary_large_image\" \/>\n<meta name=\"twitter:label1\" content=\"Gesch\u00e4tzte Lesezeit\" \/>\n\t<meta name=\"twitter:data1\" content=\"2\u00a0Minuten\" \/>\n<script type=\"application\/ld+json\" class=\"yoast-schema-graph\">{\"@context\":\"https:\/\/schema.org\",\"@graph\":[{\"@type\":\"WebPage\",\"@id\":\"https:\/\/offer2order.com\/de\/impressum\/\",\"url\":\"https:\/\/offer2order.com\/de\/impressum\/\",\"name\":\"Impressum - Offer2Order | Webshopl\u00f6sung \u2022 Kalkulation f\u00fcr die Blechindustrie\",\"isPartOf\":{\"@id\":\"https:\/\/offer2order.com\/#website\"},\"datePublished\":\"2022-07-20T13:20:02+00:00\",\"dateModified\":\"2022-07-28T17:58:09+00:00\",\"breadcrumb\":{\"@id\":\"https:\/\/offer2order.com\/de\/impressum\/#breadcrumb\"},\"inLanguage\":\"de\",\"potentialAction\":[{\"@type\":\"ReadAction\",\"target\":[\"https:\/\/offer2order.com\/de\/impressum\/\"]}]},{\"@type\":\"BreadcrumbList\",\"@id\":\"https:\/\/offer2order.com\/de\/impressum\/#breadcrumb\",\"itemListElement\":[{\"@type\":\"ListItem\",\"position\":1,\"name\":\"Home\",\"item\":\"https:\/\/offer2order.com\/de\/\"},{\"@type\":\"ListItem\",\"position\":2,\"name\":\"Impressum\"}]},{\"@type\":\"WebSite\",\"@id\":\"https:\/\/offer2order.com\/#website\",\"url\":\"https:\/\/offer2order.com\/\",\"name\":\"Offer2Order\",\"description\":\"\",\"potentialAction\":[{\"@type\":\"SearchAction\",\"target\":{\"@type\":\"EntryPoint\",\"urlTemplate\":\"https:\/\/offer2order.com\/?s={search_term_string}\"},\"query-input\":\"required name=search_term_string\"}],\"inLanguage\":\"de\"}]}<\/script>\n<!-- \/ Yoast SEO plugin. -->","yoast_head_json":{"title":"Impressum - Offer2Order | Webshopl\u00f6sung \u2022 Kalkulation f\u00fcr die Blechindustrie","robots":{"index":"index","follow":"follow","max-snippet":"max-snippet:-1","max-image-preview":"max-image-preview:large","max-video-preview":"max-video-preview:-1"},"canonical":"https:\/\/offer2order.com\/de\/impressum\/","og_locale":"de_DE","og_type":"article","og_title":"Impressum - Offer2Order | Webshopl\u00f6sung \u2022 Kalkulation f\u00fcr die Blechindustrie","og_description":"Impressum &nbsp; Offer2Order \/ WiCAM GmbH Technische Software Reetzstrasse 46c D-76327 Pfinztal-S\u00f6llingen Gesch\u00e4ftsf\u00fchrer: Timo Eigenblut Telefon: +49 7240-9259-0 Fax: +49 7240-9259-11 eMail: info@wicam.com Sitz der Gesellschaft: Karlsruhe Registergericht: Amtsgericht Mannheim HRB 9488 UST-IdNr.: DE215999426 Steuer-Nr.: 34418\/81782 Inhalt: Der Inhalt dieser Seiten wurde mit gr\u00f6\u00dftm\u00f6glicher Sorgfalt zusammengestellt. Die WiCAM GmbH kann jedoch keine Gew\u00e4hr f\u00fcr die [&hellip;]","og_url":"https:\/\/offer2order.com\/de\/impressum\/","og_site_name":"Offer2Order","article_modified_time":"2022-07-28T17:58:09+00:00","twitter_card":"summary_large_image","twitter_misc":{"Gesch\u00e4tzte Lesezeit":"2\u00a0Minuten"},"schema":{"@context":"https:\/\/schema.org","@graph":[{"@type":"WebPage","@id":"https:\/\/offer2order.com\/de\/impressum\/","url":"https:\/\/offer2order.com\/de\/impressum\/","name":"Impressum - Offer2Order | Webshopl\u00f6sung \u2022 Kalkulation f\u00fcr die Blechindustrie","isPartOf":{"@id":"https:\/\/offer2order.com\/#website"},"datePublished":"2022-07-20T13:20:02+00:00","dateModified":"2022-07-28T17:58:09+00:00","breadcrumb":{"@id":"https:\/\/offer2order.com\/de\/impressum\/#breadcrumb"},"inLanguage":"de","potentialAction":[{"@type":"ReadAction","target":["https:\/\/offer2order.com\/de\/impressum\/"]}]},{"@type":"BreadcrumbList","@id":"https:\/\/offer2order.com\/de\/impressum\/#breadcrumb","itemListElement":[{"@type":"ListItem","position":1,"name":"Home","item":"https:\/\/offer2order.com\/de\/"},{"@type":"ListItem","position":2,"name":"Impressum"}]},{"@type":"WebSite","@id":"https:\/\/offer2order.com\/#website","url":"https:\/\/offer2order.com\/","name":"Offer2Order","description":"","potentialAction":[{"@type":"SearchAction","target":{"@type":"EntryPoint","urlTemplate":"https:\/\/offer2order.com\/?s={search_term_string}"},"query-input":"required name=search_term_string"}],"inLanguage":"de"}]}},"_links":{"self":[{"href":"https:\/\/offer2order.com\/de\/wp-json\/wp\/v2\/pages\/267","targetHints":{"allow":["GET"]}}],"collection":[{"href":"https:\/\/offer2order.com\/de\/wp-json\/wp\/v2\/pages"}],"about":[{"href":"https:\/\/offer2order.com\/de\/wp-json\/wp\/v2\/types\/page"}],"author":[{"embeddable":true,"href":"https:\/\/offer2order.com\/de\/wp-json\/wp\/v2\/users\/3"}],"replies":[{"embeddable":true,"href":"https:\/\/offer2order.com\/de\/wp-json\/wp\/v2\/comments?post=267"}],"version-history":[{"count":6,"href":"https:\/\/offer2order.com\/de\/wp-json\/wp\/v2\/pages\/267\/revisions"}],"predecessor-version":[{"id":323,"href":"https:\/\/offer2order.com\/de\/wp-json\/wp\/v2\/pages\/267\/revisions\/323"}],"wp:attachment":[{"href":"https:\/\/offer2order.com\/de\/wp-json\/wp\/v2\/media?parent=267"}],"curies":[{"name":"wp","href":"https:\/\/api.w.org\/{rel}","templated":true}]}}